{"id":1675,"date":"2023-11-01T18:44:09","date_gmt":"2023-11-01T18:44:09","guid":{"rendered":"https:\/\/www.bhoost.com\/it\/?page_id=1675"},"modified":"2023-11-01T18:51:15","modified_gmt":"2023-11-01T18:51:15","slug":"glossario","status":"publish","type":"page","link":"https:\/\/www.bhoost.com\/it\/glossario\/","title":{"rendered":"Glossario"},"content":{"rendered":"\n<p>Il campo delle performance web pu\u00f2 sembrare una zuppa alfabetica di termini e acronimi. Questo \u00e8 un riferimento di termini con brevi definizioni e collegamenti per saperne di pi\u00f9.<\/p>\n\n\n\n<h2 class=\"wp-block-heading\"><a href=\"https:\/\/www.bhoost.com\/it\/glossario\/#above-the-fold\">Sopra la piega<\/a><\/h2>\n\n\n\n<p>Un termine preso in prestito dall\u2019editoria di giornali che si riferisce al contenuto di un sito Web visibile (o nel viewport) al caricamento iniziale. Questo contenuto \u00e8 solitamente considerato critico perch\u00e9 \u00e8 la prima cosa visibile a un utente. Il contenuto visibile varia a seconda delle dimensioni e dell\u2019orientamento dello schermo (mobile o desktop e verticale o orizzontale).<\/p>\n\n\n\n<h2 class=\"wp-block-heading\"><a href=\"https:\/\/www.bhoost.com\/it\/glossario\/#cdn-content-delivery-network\">CDN (rete per la distribuzione dei contenuti)<\/a><\/h2>\n\n\n\n<p>un gruppo di server geograficamente distribuiti che lavorano insieme per fornire una consegna rapida di contenuti Internet.\u00a0<em>Risorse:\u00a0<a href=\"https:\/\/www.cloudflare.com\/learning\/cdn\/what-is-a-cdn\/\">cos\u2019\u00e8 un CDN? | Come funzionano i CDN?<\/a><\/em><\/p>\n\n\n\n<h2 class=\"wp-block-heading\"><a href=\"https:\/\/www.bhoost.com\/it\/glossario\/#chrome-user-experience-report-crux\">Rapporto sull\u2019esperienza utente di Chrome (CrUX)<\/a><\/h2>\n\n\n\n<p>un set di dati pubblico di dati Chrome RUM su milioni di siti web. Misura le metriche Core Web Vitals, tra cui Largest Contentful Paint (LCP), First Input Delay (FID) e Cumulative Layout Shift (CLS), nonch\u00e9 metriche diagnostiche come Time to First Byte (TTFB) e First Contentful Paint (FCP) ).\u00a0<\/p>\n\n\n\n<p><em>Risorse:\u00a0<a href=\"https:\/\/web.dev\/chrome-ux-report\/\">utilizzo del report UX di Chrome per esaminare le prestazioni sul campo<\/a><\/em><\/p>\n\n\n\n<h2 class=\"wp-block-heading\"><a href=\"https:\/\/www.bhoost.com\/it\/glossario\/#client\">Above the fold<\/a><\/h2>\n\n\n\n<p>Fa riferimento al browser. Spesso utilizzato per chiarire dove sta accadendo qualcosa, ad esempio, il rendering nel client rispetto al server o la richiesta dal client al server.<\/p>\n\n\n\n<h2 class=\"wp-block-heading\"><a href=\"https:\/\/www.bhoost.com\/it\/glossario\/#core-web-vitals-cwv\">Core Web Vitals (CWV)<\/a><\/h2>\n\n\n\n<p>Un insieme di metriche create da Chrome per rappresentare meglio le prestazioni dal punto di vista dell\u2019esperienza utente. Attualmente includono Largest Contentful Paint (LCP), Cumulative Layout Shift (CLS) e First Input Delay (FID).\u00a0<em>Risorse:\u00a0<a href=\"https:\/\/web.dev\/vitals\/\">Web Vitals<\/a><\/em><\/p>\n\n\n\n<h2 class=\"wp-block-heading\"><a href=\"https:\/\/www.bhoost.com\/it\/glossario\/#cumulative-layout-shift-cls\">Cumulative Layout Shift (CLS)<\/a><\/h2>\n\n\n\n<p>misura il punteggio cumulativo di tutti i cambiamenti di layout imprevisti che si verificano dopo l\u2019inizio del caricamento della pagina.\u00a0<em>Risorse:\u00a0<a href=\"https:\/\/web.dev\/cls\/\">CLS<\/a><\/em><\/p>\n\n\n\n<h2 class=\"wp-block-heading\"><a href=\"https:\/\/www.bhoost.com\/it\/glossario\/#first-contentful-paint-fcp\">First Contentful Paint (FCP)<\/a><\/h2>\n\n\n\n<p>avviene quando il browser esegue per la prima volta il rendering di testo, immagine (comprese le immagini di sfondo), tela non bianca o SVG.\u00a0<em>Risorse:\u00a0<a href=\"https:\/\/web.dev\/fcp\/\">FCP<\/a><\/em><\/p>\n\n\n\n<h2 class=\"wp-block-heading\"><a href=\"https:\/\/www.bhoost.com\/it\/glossario\/#first-input-delay-fid\">First Input Delay (FID)<\/a><\/h2>\n\n\n\n<p>misura il tempo che intercorre da quando un utente interagisce per la prima volta con il tuo sito al momento in cui il browser \u00e8 effettivamente in grado di rispondere a tale interazione. Misurato solo sul campo (RUM).\u00a0<em>Risorse:\u00a0<a href=\"https:\/\/web.dev\/fid\/\">FID<\/a><\/em><\/p>\n\n\n\n<h2 class=\"wp-block-heading\"><a href=\"https:\/\/www.bhoost.com\/it\/glossario\/#lab-synthetic-testing\">Test di laboratorio\/sintetici<\/a><\/h2>\n\n\n\n<p>Il test di laboratorio, o sintetico, \u00e8 quando qualcuno esegue un test per ottenere informazioni dettagliate su un singolo carico o interazione. WebPageTest, Lighthouse e le schede Rete e Prestazioni in Chrome Dev Tools sono tutti strumenti di test di laboratorio. I test di laboratorio possono fornirci moltissime informazioni su quel singolo carico o interazione, ma non rappresentano necessariamente il modo in cui tutti gli utenti percepiscono quel sito web.<\/p>\n\n\n\n<h2 class=\"wp-block-heading\"><a href=\"https:\/\/www.bhoost.com\/it\/glossario\/#largest-contentful-paint-lcp\">Pittura con contenuto pi\u00f9 grande (LCP)<\/a><\/h2>\n\n\n\n<p>misura il tempo che intercorre tra l\u2019inizio del caricamento della pagina e il momento in cui viene visualizzato sullo schermo il blocco di testo o l\u2019elemento immagine pi\u00f9 grande.\u00a0<em>Risorse:\u00a0<a href=\"https:\/\/web.dev\/lcp\/\">LCP<\/a><\/em><\/p>\n\n\n\n<h2 class=\"wp-block-heading\"><a href=\"https:\/\/www.bhoost.com\/it\/glossario\/#lazy-loading\">Caricamento lento<\/a><\/h2>\n\n\n\n<p>Una tecnica di caricamento delle risorse non critiche dopo che le risorse critiche sono state caricate per ottimizzare l\u2019esperienza dell\u2019utente.<\/p>\n\n\n\n<h2 class=\"wp-block-heading\"><a href=\"https:\/\/www.bhoost.com\/it\/glossario\/#lighthouse-page-speed-insights\">Lighthouse\/Intuizioni sulla velocit\u00e0 della pagina<\/a><\/h2>\n\n\n\n<p>Uno strumento di test di laboratorio sviluppato da Chrome per fornire punteggi e feedback attendibili sulle prestazioni web.\u00a0<\/p>\n\n\n\n<p><em>Risorse:\u00a0<a href=\"https:\/\/developer.chrome.com\/blog\/lighthouse-load-performance\/\">utilizzo di Lighthouse per migliorare le prestazioni di caricamento della pagina<\/a><\/em><\/p>\n\n\n\n<h2 class=\"wp-block-heading\"><a href=\"https:\/\/www.bhoost.com\/it\/glossario\/#preload\">Precarica<\/a><\/h2>\n\n\n\n<p>Una tecnica per dirottare il modo in cui il browser trova e d\u00e0 priorit\u00e0 alle risorse necessarie alla pagina web. Il precarico di una risorsa obbliga il browser a scaricarla immediatamente, indipendentemente dal fatto che venga utilizzata o meno. \u00c8 utile per le risorse riconosciute tardi come i caratteri, ma pu\u00f2 essere facilmente abusato portando a prestazioni peggiori.\u00a0<\/p>\n\n\n\n<p><em>Risorse:\u00a0<a href=\"https:\/\/web.dev\/preload-critical-assets\/\">precarica risorse critiche per migliorare la velocit\u00e0 di caricamento<\/a><\/em><\/p>\n\n\n\n<h2 class=\"wp-block-heading\"><a href=\"https:\/\/www.bhoost.com\/it\/glossario\/#rum-real-user-monitoring-field-testing\">RUM (Monitoraggio degli utenti reali) \/ Test sul campo<\/a><\/h2>\n\n\n\n<p>I dati degli utenti reali provengono da interazioni degli utenti reali anzich\u00e9 da un singolo test. I dati sono meno dettagliati rispetto ai test di laboratorio\/sintetici, ma riflettono meglio le esperienze degli utenti reali. \u00c8 costituito da parametri chiave delle prestazioni come Core Web Vitals oltre ad analisi degli utenti come connessione di rete, tipo di dispositivo e posizione. Prima di iniziare qualsiasi lavoro sulle prestazioni, dobbiamo stabilire una base di riferimento delle prestazioni reali degli utenti.<\/p>\n\n\n\n<h2 class=\"wp-block-heading\"><a href=\"https:\/\/www.bhoost.com\/it\/glossario\/#resource-asset\">Risorsa\/risorsa<\/a><\/h2>\n\n\n\n<p>Usato in modo intercambiabile, risorsa o risorsa si riferisce a un file necessario alla pagina web. Potrebbe essere un\u2019immagine, un foglio di stile, un carattere o uno script.<\/p>\n\n\n\n<h2 class=\"wp-block-heading\"><a href=\"https:\/\/www.bhoost.com\/it\/glossario\/#responsive-images\">Immagini reattive<\/a><\/h2>\n\n\n\n<p>Una tecnica di ottimizzazione delle dimensioni delle immagini in base alle dimensioni del display e alla risoluzione dello schermo per bilanciare le prestazioni con la qualit\u00e0 dell\u2019immagine. A volte questo termine include anche altri aspetti della resa delle immagini come l\u2019ottimizzazione del formato del file tramite il browser.<\/p>\n\n\n\n<h2 class=\"wp-block-heading\"><a href=\"https:\/\/www.bhoost.com\/it\/glossario\/#time-to-interactive-tti\">Tempo di interattivit\u00e0 (TTI)<\/a><\/h2>\n\n\n\n<p>misura il tempo che intercorre da quando la pagina inizia a caricarsi a quando viene renderizzata visivamente, i suoi script iniziali (se presenti) vengono caricati ed \u00e8 in grado di rispondere in modo affidabile e rapido all\u2019input dell\u2019utente.\u00a0<\/p>\n\n\n\n<p><em>Risorse:\u00a0<a href=\"https:\/\/web.dev\/tti\/\">TTI<\/a><\/em><\/p>\n\n\n\n<h2 class=\"wp-block-heading\"><a href=\"https:\/\/www.bhoost.com\/it\/glossario\/#time-to-first-byte-ttfb\">Tempo al primo byte (TTFB)<\/a><\/h2>\n\n\n\n<p>il tempo totale impiegato dal server remoto per inviare il primo byte di dati dopo che un utente ha richiesto i dati o la pagina.\u00a0<\/p>\n\n\n\n<p><em>Risorse:\u00a0<a href=\"https:\/\/web.dev\/ttfb\/\">TTFB<\/a><\/em><\/p>\n\n\n\n<h2 class=\"wp-block-heading\"><a href=\"https:\/\/www.bhoost.com\/it\/glossario\/#total-blocking-time-tbt\">Tempo totale di blocco (TBT)<\/a><\/h2>\n\n\n\n<p>misura la quantit\u00e0 totale di tempo tra FCP e TTI in cui il thread principale \u00e8 stato bloccato per un tempo sufficientemente lungo da impedire la risposta dell\u2019input.\u00a0<\/p>\n\n\n\n<p><em>Risorse:\u00a0<a href=\"https:\/\/web.dev\/tbt\/\">TBT<\/a><\/em><\/p>\n\n\n\n<h2 class=\"wp-block-heading\"><a href=\"https:\/\/www.bhoost.com\/it\/glossario\/#viewport\">Visualizzazione<\/a><\/h2>\n\n\n\n<p>La parte di un sito web visibile sullo schermo in qualsiasi momento.<\/p>\n\n\n\n<h2 class=\"wp-block-heading\"><a href=\"https:\/\/www.bhoost.com\/it\/glossario\/#web-performance\">Prestazioni Web<\/a><\/h2>\n\n\n\n<p>la velocit\u00e0 effettiva e percepita di download e il tempo di visualizzazione di un sito web. Include anche le prestazioni effettive e percepite delle interazioni dell\u2019utente, come lo scorrimento fluido, le animazioni e il tempo di risposta all\u2019input dell\u2019utente.<\/p>\n\n\n\n<h2 class=\"wp-block-heading\"><a href=\"https:\/\/www.bhoost.com\/it\/glossario\/#webpagetest\">Test pagina Web<\/a><\/h2>\n\n\n\n<p>Uno strumento di test di laboratorio apprezzato dagli ingegneri delle prestazioni che fornisce una vasta gamma di dati su metriche, richieste di rete e altro ancora. Ha anche la capacit\u00e0 di eseguire esperimenti.\u00a0<\/p>\n\n\n\n<p><em>Risorse:\u00a0<a href=\"https:\/\/www.webpagetest.org\/\">WebPageTest<\/a><\/em><\/p>\n","protected":false},"excerpt":{"rendered":"<p>Il campo delle performance web pu\u00f2 sembrare una zuppa alfabetica di termini e acronimi. Questo \u00e8 un riferimento di termini [&hellip;]<\/p>\n","protected":false},"author":1,"featured_media":0,"parent":0,"menu_order":0,"comment_status":"closed","ping_status":"closed","template":"","meta":{"_acf_changed":false,"_uag_custom_page_level_css":"","footnotes":""},"class_list":["post-1675","page","type-page","status-publish","format-standard","hentry"],"acf":[],"uagb_featured_image_src":{"full":false,"thumbnail":false,"medium":false,"medium_large":false,"large":false,"1536x1536":false,"2048x2048":false},"uagb_author_info":{"display_name":"admin","author_link":"https:\/\/www.bhoost.com\/it\/author\/andreasacca_vd0s1ik8\/"},"uagb_comment_info":0,"uagb_excerpt":"Il campo delle performance web pu\u00f2 sembrare una zuppa alfabetica di termini e acronimi. Questo \u00e8 un riferimento di termini [&hellip;]","_links":{"self":[{"href":"https:\/\/www.bhoost.com\/it\/wp-json\/wp\/v2\/pages\/1675","targetHints":{"allow":["GET"]}}],"collection":[{"href":"https:\/\/www.bhoost.com\/it\/wp-json\/wp\/v2\/pages"}],"about":[{"href":"https:\/\/www.bhoost.com\/it\/wp-json\/wp\/v2\/types\/page"}],"author":[{"embeddable":true,"href":"https:\/\/www.bhoost.com\/it\/wp-json\/wp\/v2\/users\/1"}],"replies":[{"embeddable":true,"href":"https:\/\/www.bhoost.com\/it\/wp-json\/wp\/v2\/comments?post=1675"}],"version-history":[{"count":3,"href":"https:\/\/www.bhoost.com\/it\/wp-json\/wp\/v2\/pages\/1675\/revisions"}],"predecessor-version":[{"id":1680,"href":"https:\/\/www.bhoost.com\/it\/wp-json\/wp\/v2\/pages\/1675\/revisions\/1680"}],"wp:attachment":[{"href":"https:\/\/www.bhoost.com\/it\/wp-json\/wp\/v2\/media?parent=1675"}],"curies":[{"name":"wp","href":"https:\/\/api.w.org\/{rel}","templated":true}]}}