{"id":1483,"date":"2022-11-17T14:50:52","date_gmt":"2022-11-17T14:50:52","guid":{"rendered":"https:\/\/www.bhoost.com\/it\/?page_id=1483"},"modified":"2022-11-17T14:50:54","modified_gmt":"2022-11-17T14:50:54","slug":"hosting-core-web-vitals","status":"publish","type":"page","link":"https:\/\/www.bhoost.com\/it\/hosting-core-web-vitals\/","title":{"rendered":"Hosting Core Web Vitals"},"content":{"rendered":"<p>Hosting ottimizzato per i Core Web Vitals<\/p>\n<p>CWV ISTANTANEO<br \/>\nDEL TUOVERO PUBBLICO<br \/>\nStufo dei test dei dati di laboratorio e dei Core Web Vitals ritardati ? Pubblico e conversione al primo posto con approfondimenti istantanei.<\/p>\n<p>Introduzione<br \/>\nMetriche essenziali per un sito sano<br \/>\nGoogle ha introdotto Core Web Vitals per aiutarti a ottenere informazioni su come i tuoi utenti utilizzano il tuo sito web o negozio online.<\/p>\n<p>Tempo di caricamento<br \/>\nQuanto tempo devono aspettare i tuoi utenti prima di vedere qualcosa sul tuo sito web?<\/p>\n<p>Interattivit\u00e0<br \/>\nQuanto tempo prima che i tuoi utenti possano fare qualcosa sul tuo sito web<\/p>\n<p>Stabilit\u00e0 visiva<br \/>\nIl sito web che vedranno sar\u00e0 stabile o cambier\u00e0 durante il caricamento?<\/p>\n<p>MIGLIORE TEMPO DI CARICAMENTO<br \/>\nMiglioramento della pittura contenta pi\u00f9 grande<br \/>\nLCP riporta il tempo di rendering dell&#8217;immagine o del blocco di testo pi\u00f9 grande visibile all&#8217;interno del viewport del tuo negozio online o del tuo sito. Questa potrebbe essere l&#8217;immagine principale del tuo prodotto.<\/p>\n<p>Un LCP inferiore a 2,5 secondi, significa che il tuo sito web ha un buon punteggio di caricamento.<br \/>\nUn LCP veloce aiuta a rassicurare l&#8217;utente che la pagina \u00e8 utile, riducendo cos\u00ec la frequenza di rimbalzo.<br \/>\nOttieni informazioni su come ridurre il tuo LCP.<\/p>\n<p>INTERATTIVIT\u00c0 PI\u00d9 VELOCE<br \/>\nPrimo ritardo di ingresso<br \/>\nLa metrica FID misura la prima impressione dei tuoi utenti sull&#8217;interattivit\u00e0 e la reattivit\u00e0 all&#8217;interno del tuo sito web o negozio online.<\/p>\n<p>Un&#8217;esperienza utente FID ottimale \u00e8 inferiore a 100 ms;<br \/>\nQuando la metrica FID \u00e8 alta, il browser \u00e8 troppo occupato con l&#8217;analisi di qualcos&#8217;altro, solitamente JavaScript;<br \/>\nOttieni informazioni su come ottimizzare FID.<\/p>\n<p>MAGGIORE STABILIT\u00c0 VISIVA<br \/>\nSpostamento cumulativo del layout<br \/>\nOgni cambiamento di layout imprevisto che si verifica mentre l&#8217;utente sta interagendo sulla pagina del tuo negozio online, viene misurato dalla metrica CLS.<\/p>\n<p>Dovresti mirare a un CLS inferiore al 10%;<br \/>\nCi\u00f2 assicurer\u00e0 che i tuoi utenti non inizieranno a leggere &#8211; o peggio a fare clic &#8211; su qualcosa che cambier\u00e0 in seguito;<br \/>\nImpedisci agli utenti di sentirsi frustrati e rimbalzare a causa del cambio di layout e porta il tuo e-commerce a maggiori entrate.<\/p>\n<p>Abbiamo scoperto che quando un sito soddisfa le soglie di cui sopra, gli utenti hanno il 24% di probabilit\u00e0 in meno di abbandonare il caricamento delle pagine<\/p>\n<p>Google\/Cromo<br \/>\nAumentare le entrate con Core Web Vitals<br \/>\nMigliorare i tuoi Core Web Vitals significa assicurarti che i tuoi visitatori abbiano una migliore UX.<\/p>\n<p>CPC inferiore<br \/>\nAvere un buon punteggio Core Web Vitals aumenter\u00e0 il tuo punteggio di qualit\u00e0, che pu\u00f2 abbassare il tuo CPC.<\/p>\n<p>Maggiore fidelizzazione dei clienti<br \/>\nQuando si ottiene un buon punteggio Core Web Vitals, i visitatori avranno una migliore UX.<\/p>\n<p>Migliori posizioni nei motori di ricerca<br \/>\nCore Web Vitals \u00e8 uno dei fattori di ranking di Google, questo dovrebbe essere un motivo per migliorarlo.<\/p>\n","protected":false},"excerpt":{"rendered":"<p>Hosting ottimizzato per i Core Web Vitals CWV ISTANTANEO DEL TUOVERO PUBBLICO Stufo dei test dei dati di laboratorio e [&hellip;]<\/p>\n","protected":false},"author":1,"featured_media":0,"parent":0,"menu_order":0,"comment_status":"closed","ping_status":"closed","template":"","meta":{"_acf_changed":false,"_uag_custom_page_level_css":"","footnotes":""},"class_list":["post-1483","page","type-page","status-publish","format-standard","hentry"],"acf":[],"uagb_featured_image_src":{"full":false,"thumbnail":false,"medium":false,"medium_large":false,"large":false,"1536x1536":false,"2048x2048":false},"uagb_author_info":{"display_name":"admin","author_link":"https:\/\/www.bhoost.com\/it\/author\/andreasacca_vd0s1ik8\/"},"uagb_comment_info":0,"uagb_excerpt":"Hosting ottimizzato per i Core Web Vitals CWV ISTANTANEO DEL TUOVERO PUBBLICO Stufo dei test dei dati di laboratorio e [&hellip;]","_links":{"self":[{"href":"https:\/\/www.bhoost.com\/it\/wp-json\/wp\/v2\/pages\/1483","targetHints":{"allow":["GET"]}}],"collection":[{"href":"https:\/\/www.bhoost.com\/it\/wp-json\/wp\/v2\/pages"}],"about":[{"href":"https:\/\/www.bhoost.com\/it\/wp-json\/wp\/v2\/types\/page"}],"author":[{"embeddable":true,"href":"https:\/\/www.bhoost.com\/it\/wp-json\/wp\/v2\/users\/1"}],"replies":[{"embeddable":true,"href":"https:\/\/www.bhoost.com\/it\/wp-json\/wp\/v2\/comments?post=1483"}],"version-history":[{"count":1,"href":"https:\/\/www.bhoost.com\/it\/wp-json\/wp\/v2\/pages\/1483\/revisions"}],"predecessor-version":[{"id":1484,"href":"https:\/\/www.bhoost.com\/it\/wp-json\/wp\/v2\/pages\/1483\/revisions\/1484"}],"wp:attachment":[{"href":"https:\/\/www.bhoost.com\/it\/wp-json\/wp\/v2\/media?parent=1483"}],"curies":[{"name":"wp","href":"https:\/\/api.w.org\/{rel}","templated":true}]}}