{"id":1195,"date":"2022-04-20T18:40:14","date_gmt":"2022-04-20T18:40:14","guid":{"rendered":"https:\/\/www.bhoost.com\/it\/?page_id=1195"},"modified":"2023-07-23T12:12:48","modified_gmt":"2023-07-23T12:12:48","slug":"affiliate-program","status":"publish","type":"page","link":"https:\/\/www.bhoost.com\/it\/affiliate-program\/","title":{"rendered":"Affiliate Program"},"content":{"rendered":"<p>Unisciti al nostro programma di affiliazione!<br \/>\nRaccomanda il nostro hosting e ottieni commissioni ricorrenti fino al 35%<br \/>\nCommissione ricorrente del 35%!<br \/>\nIl nostro nuovo sistema di affiliazione ti permette di guadagnare fino al 35% su tutti i piani di hosting condiviso non solo quando nuovi clienti si iscrivono, ma anche ogni volta che rinnovano un servizio.<\/p>\n<p>Da 1 a 25 piani<\/p>\n<p>25% per piano<br \/>\nDa 25 a 50 piani<\/p>\n<p>30% per piano<br \/>\n+ di 50 piani<\/p>\n<p>35% per piano<br \/>\nPer le VPS le commissioni saranno del 10%, 12% o 15%, con gli stessi intervalli indicati.<\/p>\n<p>Gli importi esatti dipendono dal periodo di pagamento scelto da ciascun cliente (offriamo uno sconto per il pagamento annuale) e dal numero di piani segnalati dall&#8217;affiliato in questione (tra il 25% e il 35% per l&#8217;hosting condiviso, tra il 10% e il 15% per VPS).<\/p>\n<p>I pagamenti sono ricorrenti. Continueresti ad addebitarlo ogni anno che il cliente segnalato continua a rinnovare con noi.<\/p>\n<p>Perch\u00e9 sei interessato a promuoverci?<br \/>\nBhoost ha un approccio molto diverso rispetto ad altri hosting. Ci concentriamo sulla fornitura del miglior hosting possibile per Magento, Prestashop, WordPress e WooCommerce.<\/p>\n<p>Non cerchiamo di competere sul prezzo e non cerchiamo di essere un hosting per nessun progetto.<\/p>\n<p>Non siamo i pi\u00f9 economici, ma chi ha un business online creato con Magento, Prestashop, WordPress o WooCommerce non trover\u00e0 un hosting qualit\u00e0\/prezzo migliore del nostro.<\/p>\n<p>Siamo quindi in un segmento diverso rispetto alla maggior parte degli altri hosting: i nostri clienti sono principalmente aziende affermate alla ricerca di hosting di qualit\u00e0, non principianti alla ricerca di hosting economico.<\/p>\n<p>Pertanto, puoi consigliare perfettamente un hosting &#8220;normale&#8221; (con piani economici per i principianti) e il nostro hosting (per chi cerca la qualit\u00e0) allo stesso tempo , coprendo cos\u00ec tutte le possibili esigenze del tuo pubblico.<\/p>\n<p>Oltre al nostro posizionamento unico, ci sono molti altri vantaggi che offriamo:<\/p>\n<p>Tutti i servizi, cos\u00ec puoi guadagnare di pi\u00f9<br \/>\ngrosse commissioni<\/p>\n<p>Ogni cliente suppone una grande commissione per te: quelle condivise partono da 69\u20ac\/anno e le VPS partono da 99\u20ac\/mese o 990\u20ac\/anno, da l\u00ec ottieni fino al 35% del primo pagamento e ogni volta che rinnovi.<\/p>\n<p>tagliandi esclusivi<\/p>\n<p>Ti offriamo buoni sconto esclusivi per te. Offri vantaggi unici al tuo pubblico (migliore conversione) e registriamo anche i clienti che ci invii in questo modo (migliore attribuzione delle commissioni).<\/p>\n<p>Alto tasso di conversione<\/p>\n<p>Grazie al nostro processo di vendita unico e completamente ottimizzato, con incentivi come audit e test gratuiti.<\/p>\n<p>Alta percentuale di lealt\u00e0<\/p>\n<p>Grazie alla nostra attenzione nel fornire un servizio di alta qualit\u00e0 (migliore supporto, pi\u00f9 velocit\u00e0, meno problemi tecnici&#8230;), puoi farti pagare per anni per ogni cliente segnalato.<\/p>\n<p>Marchio riconosciuto e affidabile<\/p>\n<p>Siamo pionieri nell&#8217;hosting per Magento, Prestashop, WordPress dal 2010, con migliaia di opinioni positive.<\/p>\n<p>Tutti gli strumenti di cui hai bisogno per guadagnare di pi\u00f9<\/p>\n<p>Tracciamento con cookie di 90 giorni, dashboard completa con statistiche in tempo reale, possibilit\u00e0 di &#8220;deep linking&#8221;, banner&#8230;<\/p>\n<p>Possibilit\u00e0 di indirizzare i clienti manualmente<\/p>\n<p>Tu ci dici semplicemente che vengono da te (prima o dopo l&#8217;assunzione, non importa) e noi ti assegniamo la provvigione.<\/p>\n<p>account Manager<\/p>\n<p>Se hai domande, suggerimenti o idee (incluse possibili azioni promozionali speciali), puoi scriverci a info@bhoost.com<\/p>\n","protected":false},"excerpt":{"rendered":"<p>Unisciti al nostro programma di affiliazione! Raccomanda il nostro hosting e ottieni commissioni ricorrenti fino al 35% Commissione ricorrente del [&hellip;]<\/p>\n","protected":false},"author":1,"featured_media":0,"parent":0,"menu_order":0,"comment_status":"closed","ping_status":"closed","template":"","meta":{"_acf_changed":false,"_uag_custom_page_level_css":"","footnotes":""},"class_list":["post-1195","page","type-page","status-publish","format-standard","hentry"],"acf":[],"uagb_featured_image_src":{"full":false,"thumbnail":false,"medium":false,"medium_large":false,"large":false,"1536x1536":false,"2048x2048":false},"uagb_author_info":{"display_name":"admin","author_link":"https:\/\/www.bhoost.com\/it\/author\/andreasacca_vd0s1ik8\/"},"uagb_comment_info":0,"uagb_excerpt":"Unisciti al nostro programma di affiliazione! Raccomanda il nostro hosting e ottieni commissioni ricorrenti fino al 35% Commissione ricorrente del [&hellip;]","_links":{"self":[{"href":"https:\/\/www.bhoost.com\/it\/wp-json\/wp\/v2\/pages\/1195","targetHints":{"allow":["GET"]}}],"collection":[{"href":"https:\/\/www.bhoost.com\/it\/wp-json\/wp\/v2\/pages"}],"about":[{"href":"https:\/\/www.bhoost.com\/it\/wp-json\/wp\/v2\/types\/page"}],"author":[{"embeddable":true,"href":"https:\/\/www.bhoost.com\/it\/wp-json\/wp\/v2\/users\/1"}],"replies":[{"embeddable":true,"href":"https:\/\/www.bhoost.com\/it\/wp-json\/wp\/v2\/comments?post=1195"}],"version-history":[{"count":2,"href":"https:\/\/www.bhoost.com\/it\/wp-json\/wp\/v2\/pages\/1195\/revisions"}],"predecessor-version":[{"id":1583,"href":"https:\/\/www.bhoost.com\/it\/wp-json\/wp\/v2\/pages\/1195\/revisions\/1583"}],"wp:attachment":[{"href":"https:\/\/www.bhoost.com\/it\/wp-json\/wp\/v2\/media?parent=1195"}],"curies":[{"name":"wp","href":"https:\/\/api.w.org\/{rel}","templated":true}]}}