{"id":1191,"date":"2022-04-20T18:14:29","date_gmt":"2022-04-20T18:14:29","guid":{"rendered":"https:\/\/www.bhoost.com\/it\/?page_id=1191"},"modified":"2022-04-21T15:14:34","modified_gmt":"2022-04-21T15:14:34","slug":"devops-support-fulltime","status":"publish","type":"page","link":"https:\/\/www.bhoost.com\/it\/azienda\/lavora-con-noi\/devops-support-fulltime\/","title":{"rendered":"Technical Support Engineer DevOps &#8211; Fulltime"},"content":{"rendered":"<h2>Bhoost \u00e8 alla ricerca di un DevOps Engeneer.<\/h2>\n<blockquote><p>Bhoost \u00e8 un provider di servizi premium di hosting gestito per piattaforme E-commerce come Magento, Prestashop, Shopware Woocommerce Sylius di piccole, medie e grandi dimensioni. Sfruttiamo la potenza del Cloud per velocizzare gli e-commerce e metterli in totale sicurezza. Siamo sempre attenti alle nuove tecnologie e il nostro obiettivo \u00e8 quello di rendere i siti e-commerce pi\u00f9 veloci e sicuri possibile per aumentare le loro vendite.<\/p><\/blockquote>\n<div class=\"alert alert-info text-white\">\n<div class=\"user-content\"><strong>Posizione<\/strong> In sede a Las Palmas de Gran Canaria \/ Remoto<\/div>\n<div class=\"user-content\"><strong>Impegno: <\/strong>Tempo Pieno<\/div>\n<\/div>\n<p><span>BHOOST \u00e8 una moderna societ\u00e0 di cloud hosting focalizzata sull&#8217;hosting per E-commerce. Gestiamo i nostri servizi con tecnologie all&#8217;avanguardia e siamo orgogliosi del <strong>livello di supporto<\/strong> che offriamo ai nostri clienti.\u00a0Il nostro team talentuoso e motivato \u00e8 sparso in tutto il mondo e la nostra sede ufficiale \u00e8 in Spagna sulle isole Canarie.<\/span><\/p>\n<p><span>Siamo costantemente alla ricerca di grandi talenti da inserire nel nostro fantastico team. Se vuoi entrare a far parte della famiglia <strong>Bhoost<\/strong>, leggi fino in fondo!<\/span><\/p>\n<p><span>La nostra base di clienti \u00e8 in costante crescita e stiamo cercando un <strong>Sistemista di supporto competente<\/strong> con capacit\u00e0 comunicative e tecniche eccezionali in grado di fornire supporto tecnico di livello aziendale ai nostri clienti tramite il nostro sistema di supporto tramite chat dal vivo per il<strong> mercato Italiano<\/strong> e <strong>Spagnolo<\/strong>.<\/span><\/p>\n<p><span>Il supporto in BHOOST \u00e8 una priorit\u00e0 e vogliamo fornire un supporto di primo livello eccezionale.<\/span><\/p>\n<h3><strong>Di cosa ti occuperai:<\/strong><\/h3>\n<ul>\n<li>Assumi la responsabilit\u00e0 dei problemi segnalati dai clienti e segui i problemi fino alla risoluzione.<\/li>\n<li>Ricerca, risoluzione dei problemi e identificazione di soluzioni per risolvere i problemi dei clienti.<\/li>\n<li>Segui le procedure standard per una corretta escalation dei problemi irrisolti ai team interni appropriati.<\/li>\n<li>Fornire feedback tempestivi e precisi ai clienti.<\/li>\n<\/ul>\n<p>La necessit\u00e0 di turno di questo ruolo \u00e8 full-time dal luned\u00ec al venerd\u00ec, dalle 9:00 alle 18:00 UTC (il nostro team utilizza UTC per la pianificazione).<\/p>\n<h3><span>Requisiti:<\/span><\/h3>\n<p>Hai almeno 2 anni di esperienza in questo tipo di attivit\u00e0, ed hai i seguenti requisiti:<\/p>\n<ul>\n<li>lingua parlata e scritta perfetta Italiano e Inglese<\/li>\n<li>hai conoscenze sistemistiche in ambiente Linux (Ubuntu, Amazon Linux)<\/li>\n<li>sei a tuo suo agio con l\u2019uso della shell<\/li>\n<li>hai esperienza con la configurazione e la gestione di webserver (come Apache ed Nginx) reverse-proxy e http accelerators (come Varnish)<\/li>\n<li>hai esperienza con RDBMS (come MySQL), motori NoSQL (come Redis ed Elastic)<\/li>\n<li>hai confidenza con i sistemi di container (Docker) e relativi orchestratori (utilizziamo principalmente ECS, ma anche Kubernetes e Swarm)<\/li>\n<li>hai esperienza con sistemi di logging distribuito, monitoraggio e alerting<\/li>\n<li>hai esperienza con automazioni e script Ansible<\/li>\n<li>conoscenza ed esperienza con le seguenti tecnologie: Linux, NGINX, MySQL\/MariaDB, PHP, DNS, CDN e caching (oggetto e pagina).<\/li>\n<\/ul>\n<p><strong>\u00c8 gradita l\u2019esperienza con<\/strong><\/p>\n<ul>\n<li>linguaggi di sviluppo PHP<\/li>\n<li>sai usare GIT e\/o Bitbucket<\/li>\n<li>lingua Spagnola<\/li>\n<li>piattaforme Ecommerce (WordPress, Magento, Prestashop, Shopware)<\/li>\n<\/ul>\n<p>\u261d Se sei in linea con questa posizione candidati inviando una email a job@bhoost.com<\/p>\n","protected":false},"excerpt":{"rendered":"<p>Bhoost \u00e8 alla ricerca di un DevOps Engeneer. Bhoost \u00e8 un provider di servizi premium di hosting gestito per piattaforme [&hellip;]<\/p>\n","protected":false},"author":1,"featured_media":0,"parent":1189,"menu_order":0,"comment_status":"closed","ping_status":"closed","template":"","meta":{"_acf_changed":false,"_uag_custom_page_level_css":"","footnotes":""},"class_list":["post-1191","page","type-page","status-publish","format-standard","hentry"],"acf":[],"uagb_featured_image_src":{"full":false,"thumbnail":false,"medium":false,"medium_large":false,"large":false,"1536x1536":false,"2048x2048":false},"uagb_author_info":{"display_name":"admin","author_link":"https:\/\/www.bhoost.com\/it\/author\/andreasacca_vd0s1ik8\/"},"uagb_comment_info":0,"uagb_excerpt":"Bhoost \u00e8 alla ricerca di un DevOps Engeneer. Bhoost \u00e8 un provider di servizi premium di hosting gestito per piattaforme [&hellip;]","_links":{"self":[{"href":"https:\/\/www.bhoost.com\/it\/wp-json\/wp\/v2\/pages\/1191","targetHints":{"allow":["GET"]}}],"collection":[{"href":"https:\/\/www.bhoost.com\/it\/wp-json\/wp\/v2\/pages"}],"about":[{"href":"https:\/\/www.bhoost.com\/it\/wp-json\/wp\/v2\/types\/page"}],"author":[{"embeddable":true,"href":"https:\/\/www.bhoost.com\/it\/wp-json\/wp\/v2\/users\/1"}],"replies":[{"embeddable":true,"href":"https:\/\/www.bhoost.com\/it\/wp-json\/wp\/v2\/comments?post=1191"}],"version-history":[{"count":9,"href":"https:\/\/www.bhoost.com\/it\/wp-json\/wp\/v2\/pages\/1191\/revisions"}],"predecessor-version":[{"id":1211,"href":"https:\/\/www.bhoost.com\/it\/wp-json\/wp\/v2\/pages\/1191\/revisions\/1211"}],"up":[{"embeddable":true,"href":"https:\/\/www.bhoost.com\/it\/wp-json\/wp\/v2\/pages\/1189"}],"wp:attachment":[{"href":"https:\/\/www.bhoost.com\/it\/wp-json\/wp\/v2\/media?parent=1191"}],"curies":[{"name":"wp","href":"https:\/\/api.w.org\/{rel}","templated":true}]}}